{"id":529,"date":"2025-12-12T00:54:31","date_gmt":"2025-12-12T00:54:31","guid":{"rendered":"https:\/\/gastrotalent.at\/?page_id=529"},"modified":"2026-02-05T19:11:59","modified_gmt":"2026-02-05T19:11:59","slug":"cookie-informationen","status":"publish","type":"page","link":"https:\/\/gastrotalent.at\/de\/suti-tajekoztato\/","title":{"rendered":"Cookie-Hinweis"},"content":{"rendered":"<div data-elementor-type=\"wp-page\" data-elementor-id=\"529\" class=\"elementor elementor-529\" data-elementor-post-type=\"page\">\n\t\t\t\t<div class=\"elementor-element elementor-element-19968529 e-flex e-con-boxed e-con e-parent\" data-id=\"19968529\" data-element_type=\"container\" data-e-type=\"container\" data-settings=\"{&quot;jet_parallax_layout_list&quot;:[]}\">\n\t\t\t\t\t<div class=\"e-con-inner\">\n\t\t<div class=\"elementor-element elementor-element-27788dea e-con-full e-flex e-con e-child\" data-id=\"27788dea\" data-element_type=\"container\" data-e-type=\"container\" data-settings=\"{&quot;jet_parallax_layout_list&quot;:[]}\">\n\t\t\t\t<div class=\"elementor-element elementor-element-4bf7e1c7 elementor-widget elementor-widget-heading\" data-id=\"4bf7e1c7\" data-element_type=\"widget\" data-e-type=\"widget\" data-widget_type=\"heading.default\">\n\t\t\t\t<div class=\"elementor-widget-container\">\n\t\t\t\t\t<h1 class=\"elementor-heading-title elementor-size-default\">Cookie-Informationen<\/h1>\t\t\t\t<\/div>\n\t\t\t\t<\/div>\n\t\t\t\t<div class=\"elementor-element elementor-element-27150b65 elementor-widget elementor-widget-text-editor\" data-id=\"27150b65\" data-element_type=\"widget\" data-e-type=\"widget\" data-widget_type=\"text-editor.default\">\n\t\t\t\t<div class=\"elementor-widget-container\">\n\t\t\t\t\t\t\t\t\t<p data-pm-slice=\"1 1 []\">Ez a Cookie Nyilatkozat a gastrotalent.at weboldal l\u00e1togat\u00f3inak t\u00e1j\u00e9koztat\u00e1s\u00e1ra k\u00e9sz\u00fclt, hogy ismertesse, milyen t\u00edpus\u00fa cookie-kat haszn\u00e1lunk, \u00e9s hogyan kezelhet\u0151ek ezek a be\u00e1ll\u00edt\u00e1sok.<\/p><p><strong>1. Was sind Cookies?<\/strong><\/p><p>Cookies sind kleine Datendateien, die die Website auf Ihrem Ger\u00e4t (Computer, Smartphone oder Tablet) ablegt, um die Funktionalit\u00e4t der Website zu verbessern, das Surfen zu erleichtern und personalisierte Inhalte anzubieten.<\/p><p><strong>2. Welche Cookies verwenden wir?<\/strong><\/p><p>A gastrotalent.at weboldalon a k\u00f6vetkez\u0151 cookie t\u00edpusokat haszn\u00e1ljuk:<\/p><p><strong>a) Cookies f\u00fcr grundlegende Funktionen:<\/strong>\u00a0Diese Cookies sind f\u00fcr das ordnungsgem\u00e4\u00dfe Funktionieren der Website unerl\u00e4sslich. Sie erm\u00f6glichen Funktionen wie den sicheren Zugang zur Website und die Navigation. Ohne diese Cookies w\u00fcrde die Website nicht richtig funktionieren.<\/p><p><strong>b) Leistungs-Cookies:<\/strong>\u00a0Diese Cookies sammeln Informationen dar\u00fcber, wie Sie die Website nutzen (z. B. welche Seiten Sie am h\u00e4ufigsten besuchen) und helfen uns, die Website zu verbessern. Diese Daten werden in aggregierter Form gespeichert und sind anonym.<\/p><p><strong>c) Funktionale Cookies:<\/strong>\u00a0Diese Cookies erm\u00f6glichen es der Website, sich an Ihre Pr\u00e4ferenzen zu erinnern (z. B. die Auswahl der Sprache oder der Region), um Ihre Benutzerfreundlichkeit zu verbessern.<\/p><p><strong>d) Marketing-Cookies:<\/strong>\u00a0Diese Cookies verfolgen die Besucher der Website, um relevante Werbung anzuzeigen. Diese Anzeigen k\u00f6nnen von unseren Werbepartnern (z. B. Facebook, Google) verwaltet werden.<\/p><p><strong>3. Wie k\u00f6nnen die Cookie-Einstellungen verwaltet werden?<\/strong><\/p><p>F\u00fcr die Verwendung von nicht wesentlichen Cookies ist Ihre Zustimmung erforderlich. In der Cookie-Leiste, die bei Ihrem ersten Besuch erscheint, haben Sie die M\u00f6glichkeit zu w\u00e4hlen, welche Cookies Sie akzeptieren m\u00f6chten.<\/p><p>Sie k\u00f6nnen Ihre Cookie-Einstellungen auch in Ihrem Browser verwalten:<\/p><ul data-spread=\"false\"><li><p><strong>Google Chrome:<\/strong>\u00a0<a>Einstellungen &gt; Datenschutz und Sicherheit &gt; Cookies und andere Website-Daten<\/a><\/p><\/li><li><p><strong>Mozilla Firefox:<\/strong>\u00a0<a>Einstellungen &gt; Datenschutz und Sicherheit<\/a><\/p><\/li><li><p><strong>Microsoft Edge:<\/strong>\u00a0<a>Einstellungen &gt; Cookies und Website-Berechtigungen<\/a><\/p><\/li><\/ul><p><strong>4) Cookies von Dritten<\/strong><\/p><p>Wir verwenden auf der Website auch Cookies von Drittanbietern, wie z. B.:<\/p><ul data-spread=\"false\"><li><p><strong>Google Analytics:<\/strong>\u00a0Um die Nutzung der Website zu analysieren.<\/p><\/li><li><p><strong>Facebook-Pixel:<\/strong>\u00a0Zur Anzeige gezielter Werbung.<\/p><\/li><\/ul><p>Diese Dienstleister werden als unabh\u00e4ngige Datenverantwortliche betrachtet. Sie verarbeiten Ihre Daten in \u00dcbereinstimmung mit ihrer eigenen Datenschutzpolitik.<\/p><p><strong>5. Weitere Informationen<\/strong><\/p><p>Ha tov\u00e1bbi k\u00e9rd\u00e9sei vannak a cookie-k haszn\u00e1lat\u00e1val kapcsolatban, k\u00e9rj\u00fck, l\u00e9pjen kapcsolatba vel\u00fcnk a info@gastrotalent.at e-mail c\u00edmen.<\/p><p>Diese Erkl\u00e4rung kann von Zeit zu Zeit aktualisiert werden, um \u00c4nderungen in der Gesetzgebung oder neuen Technologien Rechnung zu tragen.<\/p>\t\t\t\t\t\t\t\t<\/div>\n\t\t\t\t<\/div>\n\t\t\t\t<\/div>\n\t\t\t\t\t<\/div>\n\t\t\t\t<\/div>\n\t\t\t\t<\/div>","protected":false},"excerpt":{"rendered":"<p>Cookie t\u00e1j\u00e9koztat\u00f3 Ez a Cookie Nyilatkozat a gastrotalent.at weboldal l\u00e1togat\u00f3inak t\u00e1j\u00e9koztat\u00e1s\u00e1ra k\u00e9sz\u00fclt, hogy ismertesse, milyen t\u00edpus\u00fa cookie-kat haszn\u00e1lunk, \u00e9s hogyan [&hellip;]<\/p>\n","protected":false},"author":1,"featured_media":0,"parent":0,"menu_order":0,"comment_status":"closed","ping_status":"closed","template":"","meta":{"inline_featured_image":false,"site-sidebar-layout":"default","site-content-layout":"","ast-site-content-layout":"default","site-content-style":"default","site-sidebar-style":"default","ast-global-header-display":"","ast-banner-title-visibility":"","ast-main-header-display":"","ast-hfb-above-header-display":"","ast-hfb-below-header-display":"","ast-hfb-mobile-header-display":"","site-post-title":"","ast-breadcrumbs-content":"","ast-featured-img":"","footer-sml-layout":"","ast-disable-related-posts":"","theme-transparent-header-meta":"","adv-header-id-meta":"","stick-header-meta":"","header-above-stick-meta":"","header-main-stick-meta":"","header-below-stick-meta":"","astra-migrate-meta-layouts":"default","ast-page-background-enabled":"default","ast-page-background-meta":{"desktop":{"background-color":"var(--ast-global-color-5)","background-image":"","background-repeat":"repeat","background-position":"center center","background-size":"auto","background-attachment":"scroll","background-type":"","background-media":"","overlay-type":"","overlay-color":"","overlay-opacity":"","overlay-gradient":""},"tablet":{"background-color":"","background-image":"","background-repeat":"repeat","background-position":"center center","background-size":"auto","background-attachment":"scroll","background-type":"","background-media":"","overlay-type":"","overlay-color":"","overlay-opacity":"","overlay-gradient":""},"mobile":{"background-color":"","background-image":"","background-repeat":"repeat","background-position":"center center","background-size":"auto","background-attachment":"scroll","background-type":"","background-media":"","overlay-type":"","overlay-color":"","overlay-opacity":"","overlay-gradient":""}},"ast-content-background-meta":{"desktop":{"background-color":"var(--ast-global-color-4)","background-image":"","background-repeat":"repeat","background-position":"center center","background-size":"auto","background-attachment":"scroll","background-type":"","background-media":"","overlay-type":"","overlay-color":"","overlay-opacity":"","overlay-gradient":""},"tablet":{"background-color":"var(--ast-global-color-4)","background-image":"","background-repeat":"repeat","background-position":"center center","background-size":"auto","background-attachment":"scroll","background-type":"","background-media":"","overlay-type":"","overlay-color":"","overlay-opacity":"","overlay-gradient":""},"mobile":{"background-color":"var(--ast-global-color-4)","background-image":"","background-repeat":"repeat","background-position":"center center","background-size":"auto","background-attachment":"scroll","background-type":"","background-media":"","overlay-type":"","overlay-color":"","overlay-opacity":"","overlay-gradient":""}},"footnotes":""},"class_list":["post-529","page","type-page","status-publish","hentry"],"_hostinger_reach_plugin_has_subscription_block":false,"_hostinger_reach_plugin_is_elementor":false,"_links":{"self":[{"href":"https:\/\/gastrotalent.at\/de\/wp-json\/wp\/v2\/pages\/529","targetHints":{"allow":["GET"]}}],"collection":[{"href":"https:\/\/gastrotalent.at\/de\/wp-json\/wp\/v2\/pages"}],"about":[{"href":"https:\/\/gastrotalent.at\/de\/wp-json\/wp\/v2\/types\/page"}],"author":[{"embeddable":true,"href":"https:\/\/gastrotalent.at\/de\/wp-json\/wp\/v2\/users\/1"}],"replies":[{"embeddable":true,"href":"https:\/\/gastrotalent.at\/de\/wp-json\/wp\/v2\/comments?post=529"}],"version-history":[{"count":10,"href":"https:\/\/gastrotalent.at\/de\/wp-json\/wp\/v2\/pages\/529\/revisions"}],"predecessor-version":[{"id":1607,"href":"https:\/\/gastrotalent.at\/de\/wp-json\/wp\/v2\/pages\/529\/revisions\/1607"}],"wp:attachment":[{"href":"https:\/\/gastrotalent.at\/de\/wp-json\/wp\/v2\/media?parent=529"}],"curies":[{"name":"wp","href":"https:\/\/api.w.org\/{rel}","templated":true}]}}