{"id":520,"date":"2025-12-12T00:53:32","date_gmt":"2025-12-12T00:53:32","guid":{"rendered":"https:\/\/gastrotalent.at\/?page_id=520"},"modified":"2026-01-22T09:18:48","modified_gmt":"2026-01-22T09:18:48","slug":"impressum","status":"publish","type":"page","link":"https:\/\/gastrotalent.at\/de\/impresszum\/","title":{"rendered":"Impressum"},"content":{"rendered":"<div data-elementor-type=\"wp-page\" data-elementor-id=\"520\" class=\"elementor elementor-520\" data-elementor-post-type=\"page\">\n\t\t\t\t<div class=\"elementor-element elementor-element-e37aa6c e-flex e-con-boxed e-con e-parent\" data-id=\"e37aa6c\" data-element_type=\"container\" data-e-type=\"container\" data-settings=\"{&quot;jet_parallax_layout_list&quot;:[]}\">\n\t\t\t\t\t<div class=\"e-con-inner\">\n\t\t<div class=\"elementor-element elementor-element-493fa812 e-con-full e-flex e-con e-child\" data-id=\"493fa812\" data-element_type=\"container\" data-e-type=\"container\" data-settings=\"{&quot;jet_parallax_layout_list&quot;:[]}\">\n\t\t\t\t<div class=\"elementor-element elementor-element-5c7ab6f5 elementor-widget elementor-widget-heading\" data-id=\"5c7ab6f5\" data-element_type=\"widget\" data-e-type=\"widget\" data-widget_type=\"heading.default\">\n\t\t\t\t<div class=\"elementor-widget-container\">\n\t\t\t\t\t<h1 class=\"elementor-heading-title elementor-size-default\">Impressum<\/h1>\t\t\t\t<\/div>\n\t\t\t\t<\/div>\n\t\t\t\t<div class=\"elementor-element elementor-element-27d74c0b elementor-widget elementor-widget-text-editor\" data-id=\"27d74c0b\" data-element_type=\"widget\" data-e-type=\"widget\" data-widget_type=\"text-editor.default\">\n\t\t\t\t<div class=\"elementor-widget-container\">\n\t\t\t\t\t\t\t\t\t<p data-pm-slice=\"1 1 []\"><strong data-start=\"1051\" data-end=\"1075\" style=\"font-size: 0.9em;\">Firmenname und Rechtsform<\/strong><\/p><p data-start=\"1051\" data-end=\"1095\">Gastrotalent e.U.<\/p>\n<p data-start=\"1097\" data-end=\"1157\"><strong data-start=\"1097\" data-end=\"1109\">Hauptsitz<\/strong><br data-start=\"1109\" data-end=\"1112\">\u00d6sterreich, 5020 Salzburg<br data-start=\"1135\" data-end=\"1138\">Membergerstra\u00dfe 40.<\/p>\n<p data-start=\"1159\" data-end=\"1238\"><strong data-start=\"1159\" data-end=\"1178\">Kontakt<\/strong><br data-start=\"1178\" data-end=\"1181\">Telefon: +43 677 61680524<br data-start=\"1206\" data-end=\"1209\">E-Mail: <a class=\"decorated-link cursor-pointer\" rel=\"noopener\" data-start=\"1216\" data-end=\"1236\">info@gastrotalent.at<\/a><\/p>\n<p data-start=\"1240\" data-end=\"1371\"><strong data-start=\"1240\" data-end=\"1268\">Daten zur Unternehmensregistrierung<\/strong><br data-start=\"1268\" data-end=\"1271\">Unternehmensregistrierungsnummer: FN123456X<br data-start=\"1315\" data-end=\"1318\">Registergericht: Landesgericht Salzburg<\/p>\n<p data-start=\"1373\" data-end=\"1436\"><strong data-start=\"1373\" data-end=\"1384\">Steuernummer<\/strong><br data-start=\"1384\" data-end=\"1387\">Umsatzsteuer-Identifikationsnummer: ATU12345678<\/p>\n<p data-start=\"1438\" data-end=\"1505\"><strong data-start=\"1438\" data-end=\"1458\">Umfang der Aktivit\u00e4ten<\/strong><br data-start=\"1458\" data-end=\"1461\">Agentur f\u00fcr Arbeit (Mitarbeitervermittlung)<\/p>\n<p data-start=\"1507\" data-end=\"1574\"><strong data-start=\"1507\" data-end=\"1531\">Leiter des Gesch\u00e4ftsbereichs<\/strong><br data-start=\"1531\" data-end=\"1534\">Inhaber und Gesch\u00e4ftsf\u00fchrer: Filep Dominik<\/p>\n<p data-start=\"1576\" data-end=\"1632\"><strong data-start=\"1576\" data-end=\"1616\">Verantwortliche Person f\u00fcr den Inhalt der Website<\/strong><br data-start=\"1616\" data-end=\"1619\">Dominik Filep<\/p>\t\t\t\t\t\t\t\t<\/div>\n\t\t\t\t<\/div>\n\t\t\t\t<\/div>\n\t\t\t\t\t<\/div>\n\t\t\t\t<\/div>\n\t\t\t\t<\/div>","protected":false},"excerpt":{"rendered":"<p>Impresszum C\u00e9gn\u00e9v \u00e9s jogi forma Gastrotalent e.U. Sz\u00e9khelyAusztria, 5020 SalzburgMembergerstra\u00dfe 40. Kapcsolattart\u00e1sTelefon: +43 677 61680524Email: info@gastrotalent.at C\u00e9gnyilv\u00e1ntart\u00e1si adatokC\u00e9gjegyz\u00e9ksz\u00e1m (Firmenbuchnummer): FN123456XC\u00e9gjegyz\u00e9ket [&hellip;]<\/p>\n","protected":false},"author":1,"featured_media":0,"parent":0,"menu_order":0,"comment_status":"closed","ping_status":"closed","template":"","meta":{"inline_featured_image":false,"site-sidebar-layout":"default","site-content-layout":"","ast-site-content-layout":"default","site-content-style":"default","site-sidebar-style":"default","ast-global-header-display":"","ast-banner-title-visibility":"","ast-main-header-display":"","ast-hfb-above-header-display":"","ast-hfb-below-header-display":"","ast-hfb-mobile-header-display":"","site-post-title":"","ast-breadcrumbs-content":"","ast-featured-img":"","footer-sml-layout":"","ast-disable-related-posts":"","theme-transparent-header-meta":"","adv-header-id-meta":"","stick-header-meta":"","header-above-stick-meta":"","header-main-stick-meta":"","header-below-stick-meta":"","astra-migrate-meta-layouts":"default","ast-page-background-enabled":"default","ast-page-background-meta":{"desktop":{"background-color":"var(--ast-global-color-5)","background-image":"","background-repeat":"repeat","background-position":"center center","background-size":"auto","background-attachment":"scroll","background-type":"","background-media":"","overlay-type":"","overlay-color":"","overlay-opacity":"","overlay-gradient":""},"tablet":{"background-color":"","background-image":"","background-repeat":"repeat","background-position":"center center","background-size":"auto","background-attachment":"scroll","background-type":"","background-media":"","overlay-type":"","overlay-color":"","overlay-opacity":"","overlay-gradient":""},"mobile":{"background-color":"","background-image":"","background-repeat":"repeat","background-position":"center center","background-size":"auto","background-attachment":"scroll","background-type":"","background-media":"","overlay-type":"","overlay-color":"","overlay-opacity":"","overlay-gradient":""}},"ast-content-background-meta":{"desktop":{"background-color":"var(--ast-global-color-4)","background-image":"","background-repeat":"repeat","background-position":"center center","background-size":"auto","background-attachment":"scroll","background-type":"","background-media":"","overlay-type":"","overlay-color":"","overlay-opacity":"","overlay-gradient":""},"tablet":{"background-color":"var(--ast-global-color-4)","background-image":"","background-repeat":"repeat","background-position":"center center","background-size":"auto","background-attachment":"scroll","background-type":"","background-media":"","overlay-type":"","overlay-color":"","overlay-opacity":"","overlay-gradient":""},"mobile":{"background-color":"var(--ast-global-color-4)","background-image":"","background-repeat":"repeat","background-position":"center center","background-size":"auto","background-attachment":"scroll","background-type":"","background-media":"","overlay-type":"","overlay-color":"","overlay-opacity":"","overlay-gradient":""}},"footnotes":""},"class_list":["post-520","page","type-page","status-publish","hentry"],"_hostinger_reach_plugin_has_subscription_block":false,"_hostinger_reach_plugin_is_elementor":false,"_links":{"self":[{"href":"https:\/\/gastrotalent.at\/de\/wp-json\/wp\/v2\/pages\/520","targetHints":{"allow":["GET"]}}],"collection":[{"href":"https:\/\/gastrotalent.at\/de\/wp-json\/wp\/v2\/pages"}],"about":[{"href":"https:\/\/gastrotalent.at\/de\/wp-json\/wp\/v2\/types\/page"}],"author":[{"embeddable":true,"href":"https:\/\/gastrotalent.at\/de\/wp-json\/wp\/v2\/users\/1"}],"replies":[{"embeddable":true,"href":"https:\/\/gastrotalent.at\/de\/wp-json\/wp\/v2\/comments?post=520"}],"version-history":[{"count":1,"href":"https:\/\/gastrotalent.at\/de\/wp-json\/wp\/v2\/pages\/520\/revisions"}],"predecessor-version":[{"id":1562,"href":"https:\/\/gastrotalent.at\/de\/wp-json\/wp\/v2\/pages\/520\/revisions\/1562"}],"wp:attachment":[{"href":"https:\/\/gastrotalent.at\/de\/wp-json\/wp\/v2\/media?parent=520"}],"curies":[{"name":"wp","href":"https:\/\/api.w.org\/{rel}","templated":true}]}}