{"id":511,"date":"2025-12-12T00:52:46","date_gmt":"2025-12-12T00:52:46","guid":{"rendered":"https:\/\/gastrotalent.at\/?page_id=511"},"modified":"2026-01-22T09:34:14","modified_gmt":"2026-01-22T09:34:14","slug":"datenschutz","status":"publish","type":"page","link":"https:\/\/gastrotalent.at\/de\/adatvedelmi-tajekoztato\/","title":{"rendered":"Informationen zum Datenschutz"},"content":{"rendered":"<div data-elementor-type=\"wp-page\" data-elementor-id=\"511\" class=\"elementor elementor-511\" data-elementor-post-type=\"page\">\n\t\t\t\t<div class=\"elementor-element elementor-element-42ed3bca e-flex e-con-boxed e-con e-parent\" data-id=\"42ed3bca\" data-element_type=\"container\" data-e-type=\"container\" data-settings=\"{&quot;jet_parallax_layout_list&quot;:[]}\">\n\t\t\t\t\t<div class=\"e-con-inner\">\n\t\t<div class=\"elementor-element elementor-element-49982c22 e-con-full e-flex e-con e-child\" data-id=\"49982c22\" data-element_type=\"container\" data-e-type=\"container\" data-settings=\"{&quot;jet_parallax_layout_list&quot;:[]}\">\n\t\t\t\t<div class=\"elementor-element elementor-element-56d73102 elementor-widget elementor-widget-heading\" data-id=\"56d73102\" data-element_type=\"widget\" data-e-type=\"widget\" data-widget_type=\"heading.default\">\n\t\t\t\t<div class=\"elementor-widget-container\">\n\t\t\t\t\t<h1 class=\"elementor-heading-title elementor-size-default\">Informationen zum Datenschutz<\/h1>\t\t\t\t<\/div>\n\t\t\t\t<\/div>\n\t\t\t\t<\/div>\n\t\t\t\t<div class=\"elementor-element elementor-element-1e21bcbf elementor-widget elementor-widget-text-editor\" data-id=\"1e21bcbf\" data-element_type=\"widget\" data-e-type=\"widget\" data-widget_type=\"text-editor.default\">\n\t\t\t\t<div class=\"elementor-widget-container\">\n\t\t\t\t\t\t\t\t\t<h2><span style=\"color: inherit; font-family: inherit; font-size: 2rem;\">1. allgemeine Informationen und Inhaber der Daten<\/span><\/h2><p>Zweck dieser Datenschutzerkl\u00e4rung ist es, in transparenter Weise zu beschreiben, wie Gastrotalent e.U. personenbezogene Daten im Rahmen seiner Personalbeschaffungsaktivit\u00e4ten verarbeitet.<\/p><p>Die Verarbeitung erfolgt nach den Bestimmungen der Verordnung (EU) 2016\/679 des Europ\u00e4ischen Parlaments und des Rates, also der Datenschutzgrundverordnung, unter Beachtung der \u00f6sterreichischen Datenschutzgesetze.<\/p><p><strong>Daten des f\u00fcr die Datenverarbeitung Verantwortlichen<\/strong><\/p><p>Name des Unternehmens: Gastrotalent e.U.<br \/>Hauptsitz: 5020 Salzburg, \u00d6sterreich, Membergerstra\u00dfe 40.<br \/>E-Mail-Adresse: info@gastrotalent.at<br \/>Telefonnummer: +43 677 61680524<br \/>Website: <a href=\"https:\/\/gastrotalent.at\/de\/datenschutz\/\">https:\/\/gastrotalent.at\/adatvedelmi-tajekoztato\/<\/a><\/p><p>Gastrotalent e.U. erbringt Personalvermittlungsdienstleistungen f\u00fcr Arbeitsuchende und Arbeitgeber und betreibt ein Online-Stellenportal, was die Verarbeitung personenbezogener Daten beinhaltet.<\/p><h2>2) Zweck der Datenverarbeitung<\/h2><p>Gastrotalent e.U. verarbeitet personenbezogene Daten nur f\u00fcr festgelegte, eindeutige und rechtm\u00e4\u00dfige Zwecke.<\/p><p>Die Zwecke der Verarbeitung sind insbesondere:<\/p><ul><li>Bereitstellung von Arbeitsvermittlungsdiensten f\u00fcr Arbeitssuchende<\/li><li>Vermittlung von Arbeitgebern und Partnerunternehmen mit geeigneten Stellenangeboten<\/li><li>Bewertung der beruflichen Kompetenz der Bewerber<\/li><li>Verwaltung des Arbeitskr\u00e4ftebedarfs der Arbeitgeber<\/li><li>Kontaktaufnahme und Kontaktpflege mit Bewerbern und Kunden<\/li><li>Betrieb eines Online-Jobportals<\/li><li>Verwaltung und Registrierung von Lebensl\u00e4ufen und Bewerbungen<\/li><li>Versand von Newslettern und Marketinginformationen<\/li><li>Analyse der Funktionsweise und des Verkehrs auf der Website<\/li><li>Erf\u00fcllung rechtlicher Verpflichtungen<\/li><\/ul><p><br \/>In jedem Fall beschr\u00e4nkt sich die Verarbeitung personenbezogener Daten auf das, was f\u00fcr die oben genannten Zwecke erforderlich ist.<\/p><h2>3. der Umfang der verarbeiteten personenbezogenen Daten<\/h2><p>Im Rahmen der Erbringung seiner Dienstleistungen kann Gastrotalent e.U. die folgenden personenbezogenen Daten verarbeiten.<\/p><h3>Daten \u00fcber Arbeitssuchende<\/h3><ul><li>Name<\/li><li>Kontaktinformationen, insbesondere E-Mail-Adresse und Telefonnummer<\/li><li>Informationen \u00fcber Ihren Lebenslauf<\/li><li>Berufserfahrung<\/li><li>Daten zur Bildung<\/li><li>Sprachkenntnisse<\/li><li>andere vom Arbeitsuchenden freiwillig gemachte Angaben<\/li><\/ul><h3>Daten zu Arbeitgebern und Partnerunternehmen<\/h3><ul><li>Kontaktname<\/li><li>Firmenname<\/li><li>Kontaktinformationen<\/li><li>Informationen \u00fcber die zu besetzende Stelle<\/li><\/ul><h3>Daten, die bei der Nutzung des Online-Stellenportals und der Website erhoben werden<\/h3><ul><li>die auf der Website bereitgestellten Daten<\/li><li>Kontakt-Formular Details<\/li><li>technische Daten, insbesondere IP-Adresse und Browsing-Daten<\/li><li>Cookie-basierte Statistiken<\/li><\/ul><p><span style=\"font-size: 0.9em;\"><br \/>Gastrotalent e.U. wird besondere Kategorien personenbezogener Daten nur dann verarbeiten, wenn dies auf einer freiwilligen Entscheidung der betroffenen Person beruht und f\u00fcr die Erbringung der Dienstleistung erforderlich ist.<\/span><\/p><h2>4. wie die Daten erhoben werden<\/h2><p>Gastrotalent e.U. sammelt personenbezogene Daten auf folgende Weise.<\/p><ul><li>\u00fcber die auf der Website verf\u00fcgbaren Formulare<\/li><li>per elektronischer Post<\/li><li>bei telefonischer Kontaktaufnahme<\/li><li>in pers\u00f6nlichen Gespr\u00e4chen<\/li><li>durch Werbung in den sozialen Medien, insbesondere auf Facebook und Instagram<\/li><\/ul><p><br \/>In jedem Fall erfolgt die Datenverarbeitung mit dem Wissen der betroffenen Person. Die bereitgestellten Daten beruhen auf der freiwilligen Entscheidung der betroffenen Person.<\/p><p>Gastrotalent e.U. nutzt keine automatisierte Entscheidungsfindung und f\u00fchrt kein Profiling im Sinne der DSGVO durch.<\/p><h2>5. die \u00dcbermittlung und Weitergabe von Daten<\/h2><p>Gastrotalent e.U. \u00fcbermittelt personenbezogene Daten nur in dem Umfang, der f\u00fcr die Durchf\u00fchrung der Personalbeschaffung erforderlich ist.<\/p><p>Personenbezogene Daten k\u00f6nnen in den folgenden F\u00e4llen \u00fcbermittelt werden:<\/p><ul><li>f\u00fcr Arbeitgeber und Partnerunternehmen zum Zwecke der Arbeitsvermittlung<\/li><li>Es werden nur die Daten \u00fcbermittelt, die der Arbeitsuchende Gastrotalent e.U. zur Verf\u00fcgung stellt.<\/li><\/ul><p><br \/>In allen F\u00e4llen dient die Versetzung dazu, dem Arbeitsuchenden und dem Arbeitgeber die M\u00f6glichkeit zu geben, ein Arbeitsverh\u00e4ltnis oder ein anderes Besch\u00e4ftigungsverh\u00e4ltnis zu begr\u00fcnden.<\/p><p>Gastrotalent e.U. verkauft oder \u00fcbertr\u00e4gt personenbezogene Daten nicht an Dritte zu Zwecken, die nicht im Zusammenhang mit der Vermittlungsdienstleistung stehen.<\/p><p>Im Falle eines Ersuchens einer Beh\u00f6rde erfolgt die \u00dcbermittlung von Daten nur auf der Grundlage einer gesetzlichen Verpflichtung.<\/p><h2>6. die Rechtsgrundlage f\u00fcr die Verarbeitung<\/h2><p>Gastrotalent e.U. verarbeitet personenbezogene Daten auf den folgenden Rechtsgrundlagen, in \u00dcbereinstimmung mit Artikel 6 der DSGVO.<\/p><p>Die Rechtsgrundlage f\u00fcr die Verarbeitung kann insbesondere sein:<\/p><ul><li>die Durchf\u00fchrung des Vertrags zwischen der betroffenen Person und Gastrotalent e.U. und die vor dem Vertragsabschluss unternommenen Schritte<\/li><li>die berechtigten Interessen von Gastrotalent e.U., insbesondere die effiziente Durchf\u00fchrung ihrer Rekrutierungst\u00e4tigkeiten, die Verkn\u00fcpfung von Bewerbern und Arbeitgebern und die Sicherstellung ihrer Gesch\u00e4ftsabl\u00e4ufe<\/li><li>die Einwilligung der betroffenen Person, insbesondere f\u00fcr Newsletter und Marketinganfragen<\/li><li>eine rechtliche Verpflichtung zu erf\u00fcllen, wenn dies gesetzlich vorgeschrieben ist<\/li><\/ul><p><br \/>Im Falle einer Verarbeitung auf der Grundlage eines berechtigten Interesses wird Gastrotalent e.U. stets die Rechte und Interessen der betroffenen Person ber\u00fccksichtigen.<\/p><p>Die betroffene Person hat das Recht, ihre Einwilligung jederzeit zu widerrufen. Ein solcher Widerruf ber\u00fchrt nicht die Rechtm\u00e4\u00dfigkeit der bisherigen Verarbeitung.<\/p><h2>7. die Verarbeitung f\u00fcr Newsletter und Marketingzwecke<\/h2><p>Gastrotalent e.U. versendet Newsletter und Marketinganfragen an die betroffenen Personen.<\/p><p>Die Verarbeitung zu Marketingzwecken erfolgt ausschlie\u00dflich auf der Grundlage der vorherigen und freiwilligen Zustimmung der betroffenen Person.<\/p><p>Der Zweck der Marketingkommunikation im Besonderen:<\/p><ul><li>Informationen zu aktuellen Stellenangeboten<\/li><li>Pr\u00e4sentation der Dienstleistungen von Gastrotalent e.U.<\/li><li>Fachinformationen und Angebote<\/li><\/ul><p><br \/>Marketinganfragen werden per E-Mail verschickt.<\/p><p>Die betroffene Person hat das Recht, sich jederzeit von den Marketingmitteilungen abzumelden. Eine solche Abmeldung hat keinen Einfluss auf die Rechtm\u00e4\u00dfigkeit der bisherigen Verarbeitung.<\/p><p>Gastrotalent e.U. wird personenbezogene Daten im Zusammenhang mit der Verarbeitung zu Marketingzwecken nur in dem Umfang verarbeiten, der zur Erreichung dieses Zwecks erforderlich ist.<\/p><h2>8. die Dauer der Datenspeicherung<\/h2><p>Gastrotalent e.U. verarbeitet personenbezogene Daten nur f\u00fcr den Zeitraum, der zur Erreichung des Zwecks der Verarbeitung erforderlich ist oder f\u00fcr den Zeitraum, der gesetzlich vorgeschrieben ist.<\/p><p>Insbesondere die Dauer der Datenspeicherung ist wie folgt:<\/p><ul><li>die Lebensl\u00e4ufe und Bewerbungsdaten der Arbeitssuchenden werden bis zum Ende des Arbeitsverh\u00e4ltnisses aufbewahrt<\/li><li>Daten von Arbeitgebern und Partnerunternehmen werden w\u00e4hrend der Dauer des Vertragsverh\u00e4ltnisses und so lange aufbewahrt, wie dies zur Erf\u00fcllung der entsprechenden gesetzlichen Verpflichtungen erforderlich ist<\/li><li>die \u00fcber die Kontaktformulare \u00fcbermittelten Daten werden bis zum Abschluss der Anfrage verarbeitet<\/li><li>im Falle der Datenverarbeitung zu Marketingzwecken werden die Daten so lange aufbewahrt, bis die Einwilligung widerrufen wird<\/li><li>technische und statistische Daten werden so lange gespeichert, wie es f\u00fcr den Betrieb der Website erforderlich ist<\/li><\/ul><p><br \/>Nach Ablauf der Aufbewahrungsfrist werden die personenbezogenen Daten gel\u00f6scht oder anonymisiert.<\/p><h2>9. die Datensicherheit<\/h2><p>Gastrotalent e.U. setzt angemessene technische und organisatorische Ma\u00dfnahmen ein, um die Sicherheit der verarbeiteten personenbezogenen Daten zu gew\u00e4hrleisten.<\/p><p>Die Ma\u00dfnahmen zielen insbesondere darauf ab:<\/p><ul><li>Verhinderung von unbefugtem Zugriff<\/li><li>Verhinderung des Verlusts, der Zerst\u00f6rung oder der Ver\u00e4nderung von Daten<\/li><li>Wahrung der Vertraulichkeit der Daten<\/li><\/ul><p><br \/>Gastrotalent e.U. setzt nur Systeme und Verfahren zur Datenverarbeitung ein, die den geltenden Datenschutzbestimmungen entsprechen.<\/p><p>Der Zugriff auf personenbezogene Daten ist auf die Personen beschr\u00e4nkt, die sie f\u00fcr die Erf\u00fcllung ihrer Aufgaben ben\u00f6tigen.<\/p><h2>10. die Rechte der betroffenen Personen<\/h2><p>Die betroffenen Personen haben in Bezug auf die Verarbeitung ihrer personenbezogenen Daten die folgenden Rechte.<\/p><p>Die betroffene Person hat das Recht auf:<\/p><ul><li>Informationen \u00fcber die Verarbeitung Ihrer personenbezogenen Daten anfordern<\/li><li>Zugang zu den \u00fcber sie verarbeiteten personenbezogenen Daten zu verlangen<\/li><li>die Berichtigung von unrichtigen oder unvollst\u00e4ndigen Daten zu verlangen<\/li><li>die L\u00f6schung personenbezogener Daten zu verlangen, wenn die Voraussetzungen f\u00fcr die L\u00f6schung erf\u00fcllt sind<\/li><li>Antrag auf Einschr\u00e4nkung der Verarbeitung<\/li><li>der Verarbeitung auf der Grundlage berechtigter Interessen zu widersprechen<\/li><li>im Falle einer Verarbeitung auf der Grundlage einer Einwilligung Ihre Zustimmung jederzeit zu widerrufen<\/li><\/ul><p><br \/>Ein Antrag auf Aus\u00fcbung dieser Rechte kann \u00fcber die Kontaktdaten von Gastrotalent e.U. gestellt werden.<\/p><p>Gastrotalent e.U. wird die Anfragen unverz\u00fcglich, sp\u00e4testens jedoch innerhalb der gesetzlichen Fristen beantworten.<\/p><h2>11. reklamationen und rechtsmittel<\/h2><p>Ist die betroffene Person der Ansicht, dass sie bei der Verarbeitung ihrer personenbezogenen Daten in ihren Rechten verletzt wurde, hat sie das Recht, bei der zust\u00e4ndigen Datenschutzbeh\u00f6rde eine Beschwerde einzureichen.<\/p><p>Die zust\u00e4ndige Aufsichtsbeh\u00f6rde in \u00d6sterreich:<\/p><p>Datenschutzbeh\u00f6rde<br \/>Barichgasse 40-42<br \/>1030 Wien<br \/>\u00d6sterreich<\/p><p>Die betroffene Person hat auch das Recht, rechtliche Schritte einzuleiten, wenn ihre Rechte verletzt werden.<\/p><p>Das Recht, eine Beschwerde einzureichen oder Rechtsmittel einzulegen, l\u00e4sst die anderen Rechte der betroffenen Person unber\u00fchrt.<\/p><h2>12. schlussbestimmungen<\/h2><p>Diese Datenschutzerkl\u00e4rung gilt f\u00fcr die von Gastrotalent e.U. durchgef\u00fchrten Datenverwaltungsaktivit\u00e4ten.<\/p><p>Gastrotalent e.U. beh\u00e4lt sich das Recht vor, diese Datenschutzrichtlinie bei Bedarf zu \u00e4ndern. Die \u00c4nderungen werden mit der Ver\u00f6ffentlichung auf der Website wirksam.<\/p><p>Der aktuelle Datenschutzhinweis ist auf der folgenden Seite zu finden:<br \/><a href=\"https:\/\/gastrotalent.at\/de\/datenschutz\/\">https:\/\/gastrotalent.at\/adatvedelmi-tajekoztato\/<\/a><\/p>\t\t\t\t\t\t\t\t<\/div>\n\t\t\t\t<\/div>\n\t\t\t\t\t<\/div>\n\t\t\t\t<\/div>\n\t\t\t\t<\/div>","protected":false},"excerpt":{"rendered":"<p>Adatv\u00e9delmi t\u00e1j\u00e9koztat\u00f3 1. \u00c1ltal\u00e1nos inform\u00e1ci\u00f3k \u00e9s adatkezel\u0151 adatai Jelen adatkezel\u00e9si t\u00e1j\u00e9koztat\u00f3 c\u00e9lja, hogy \u00e1tl\u00e1that\u00f3 m\u00f3don bemutassa, a Gastrotalent e.U. milyen [&hellip;]<\/p>\n","protected":false},"author":1,"featured_media":0,"parent":0,"menu_order":0,"comment_status":"closed","ping_status":"closed","template":"","meta":{"inline_featured_image":false,"site-sidebar-layout":"default","site-content-layout":"","ast-site-content-layout":"default","site-content-style":"default","site-sidebar-style":"default","ast-global-header-display":"","ast-banner-title-visibility":"","ast-main-header-display":"","ast-hfb-above-header-display":"","ast-hfb-below-header-display":"","ast-hfb-mobile-header-display":"","site-post-title":"","ast-breadcrumbs-content":"","ast-featured-img":"","footer-sml-layout":"","ast-disable-related-posts":"","theme-transparent-header-meta":"","adv-header-id-meta":"","stick-header-meta":"","header-above-stick-meta":"","header-main-stick-meta":"","header-below-stick-meta":"","astra-migrate-meta-layouts":"default","ast-page-background-enabled":"default","ast-page-background-meta":{"desktop":{"background-color":"var(--ast-global-color-5)","background-image":"","background-repeat":"repeat","background-position":"center center","background-size":"auto","background-attachment":"scroll","background-type":"","background-media":"","overlay-type":"","overlay-color":"","overlay-opacity":"","overlay-gradient":""},"tablet":{"background-color":"","background-image":"","background-repeat":"repeat","background-position":"center center","background-size":"auto","background-attachment":"scroll","background-type":"","background-media":"","overlay-type":"","overlay-color":"","overlay-opacity":"","overlay-gradient":""},"mobile":{"background-color":"","background-image":"","background-repeat":"repeat","background-position":"center center","background-size":"auto","background-attachment":"scroll","background-type":"","background-media":"","overlay-type":"","overlay-color":"","overlay-opacity":"","overlay-gradient":""}},"ast-content-background-meta":{"desktop":{"background-color":"var(--ast-global-color-4)","background-image":"","background-repeat":"repeat","background-position":"center center","background-size":"auto","background-attachment":"scroll","background-type":"","background-media":"","overlay-type":"","overlay-color":"","overlay-opacity":"","overlay-gradient":""},"tablet":{"background-color":"var(--ast-global-color-4)","background-image":"","background-repeat":"repeat","background-position":"center center","background-size":"auto","background-attachment":"scroll","background-type":"","background-media":"","overlay-type":"","overlay-color":"","overlay-opacity":"","overlay-gradient":""},"mobile":{"background-color":"var(--ast-global-color-4)","background-image":"","background-repeat":"repeat","background-position":"center center","background-size":"auto","background-attachment":"scroll","background-type":"","background-media":"","overlay-type":"","overlay-color":"","overlay-opacity":"","overlay-gradient":""}},"footnotes":""},"class_list":["post-511","page","type-page","status-publish","hentry"],"_hostinger_reach_plugin_has_subscription_block":false,"_hostinger_reach_plugin_is_elementor":false,"_links":{"self":[{"href":"https:\/\/gastrotalent.at\/de\/wp-json\/wp\/v2\/pages\/511","targetHints":{"allow":["GET"]}}],"collection":[{"href":"https:\/\/gastrotalent.at\/de\/wp-json\/wp\/v2\/pages"}],"about":[{"href":"https:\/\/gastrotalent.at\/de\/wp-json\/wp\/v2\/types\/page"}],"author":[{"embeddable":true,"href":"https:\/\/gastrotalent.at\/de\/wp-json\/wp\/v2\/users\/1"}],"replies":[{"embeddable":true,"href":"https:\/\/gastrotalent.at\/de\/wp-json\/wp\/v2\/comments?post=511"}],"version-history":[{"count":1,"href":"https:\/\/gastrotalent.at\/de\/wp-json\/wp\/v2\/pages\/511\/revisions"}],"predecessor-version":[{"id":1566,"href":"https:\/\/gastrotalent.at\/de\/wp-json\/wp\/v2\/pages\/511\/revisions\/1566"}],"wp:attachment":[{"href":"https:\/\/gastrotalent.at\/de\/wp-json\/wp\/v2\/media?parent=511"}],"curies":[{"name":"wp","href":"https:\/\/api.w.org\/{rel}","templated":true}]}}