{"id":1081,"date":"2026-01-16T09:17:54","date_gmt":"2026-01-16T09:17:54","guid":{"rendered":"https:\/\/gastrotalent.at\/?page_id=1081"},"modified":"2026-05-06T07:11:05","modified_gmt":"2026-05-06T07:11:05","slug":"kontakt","status":"publish","type":"page","link":"https:\/\/gastrotalent.at\/de\/kapcsolat\/","title":{"rendered":"Kontakt"},"content":{"rendered":"\t\t<div data-elementor-type=\"wp-page\" data-elementor-id=\"1081\" class=\"elementor elementor-1081\" data-elementor-post-type=\"page\">\n\t\t\t\t<div class=\"elementor-element elementor-element-7e55990 herosection e-flex e-con-boxed e-con e-parent\" data-id=\"7e55990\" data-element_type=\"container\" data-e-type=\"container\" data-settings=\"{&quot;background_background&quot;:&quot;classic&quot;,&quot;jet_parallax_layout_list&quot;:[]}\">\n\t\t\t\t\t<div class=\"e-con-inner\">\n\t\t<div class=\"elementor-element elementor-element-b32a22a e-con-full e-flex e-con e-child\" data-id=\"b32a22a\" data-element_type=\"container\" data-e-type=\"container\" data-settings=\"{&quot;jet_parallax_layout_list&quot;:[]}\">\n\t\t\t\t<div class=\"elementor-element elementor-element-dd761a2 elementor-widget elementor-widget-heading\" data-id=\"dd761a2\" data-element_type=\"widget\" data-e-type=\"widget\" data-widget_type=\"heading.default\">\n\t\t\t\t<div class=\"elementor-widget-container\">\n\t\t\t\t\t<h1 class=\"elementor-heading-title elementor-size-default\">Kapcsolat<\/h1>\t\t\t\t<\/div>\n\t\t\t\t<\/div>\n\t\t\t\t<div class=\"elementor-element elementor-element-5c51cc6 elementor-widget__width-initial elementor-invisible elementor-widget elementor-widget-heading\" data-id=\"5c51cc6\" data-element_type=\"widget\" data-e-type=\"widget\" data-settings=\"{&quot;_animation&quot;:&quot;fadeInLeft&quot;}\" data-widget_type=\"heading.default\">\n\t\t\t\t<div class=\"elementor-widget-container\">\n\t\t\t\t\t<h2 class=\"elementor-heading-title elementor-size-default\">Aki k\u00e9rdez<br><span class=\"sarga_hero\">az v\u00e1laszt kap. <\/span><\/h2>\t\t\t\t<\/div>\n\t\t\t\t<\/div>\n\t\t\t\t<div class=\"elementor-element elementor-element-4e51db9 elementor-widget__width-initial elementor-widget elementor-widget-text-editor\" data-id=\"4e51db9\" data-element_type=\"widget\" data-e-type=\"widget\" data-widget_type=\"text-editor.default\">\n\t\t\t\t<div class=\"elementor-widget-container\">\n\t\t\t\t\t\t\t\t\t<p>Vedd fel vel\u00fcnk a kapcsolatot \u00e9s seg\u00edt\u00fcnk minden k\u00e9rd\u00e9sben.<\/p>\t\t\t\t\t\t\t\t<\/div>\n\t\t\t\t<\/div>\n\t\t\t\t<div class=\"elementor-element elementor-element-a14d516 elementor-mobile-align-justify elementor-widget-mobile__width-inherit elementor-invisible elementor-widget elementor-widget-button\" data-id=\"a14d516\" data-element_type=\"widget\" data-e-type=\"widget\" data-settings=\"{&quot;_animation&quot;:&quot;fadeIn&quot;}\" data-widget_type=\"button.default\">\n\t\t\t\t<div class=\"elementor-widget-container\">\n\t\t\t\t\t\t\t\t\t<div class=\"elementor-button-wrapper\">\n\t\t\t\t\t<a class=\"elementor-button elementor-button-link elementor-size-sm elementor-animation-float\" href=\"#scroll\">\n\t\t\t\t\t\t<span class=\"elementor-button-content-wrapper\">\n\t\t\t\t\t\t\t\t\t<span class=\"elementor-button-text\">Tov\u00e1bb az el\u00e9rhet\u0151s\u00e9gekre<\/span>\n\t\t\t\t\t<\/span>\n\t\t\t\t\t<\/a>\n\t\t\t\t<\/div>\n\t\t\t\t\t\t\t\t<\/div>\n\t\t\t\t<\/div>\n\t\t\t\t<\/div>\n\t\t\t\t\t<\/div>\n\t\t\t\t<\/div>\n\t\t<div class=\"elementor-element elementor-element-683e9fa e-flex e-con-boxed e-con e-parent\" data-id=\"683e9fa\" data-element_type=\"container\" data-e-type=\"container\" id=\"scroll\" data-settings=\"{&quot;jet_parallax_layout_list&quot;:[]}\">\n\t\t\t\t\t<div class=\"e-con-inner\">\n\t\t<div class=\"elementor-element elementor-element-ad4e262 e-con-full e-flex e-con e-child\" data-id=\"ad4e262\" data-element_type=\"container\" data-e-type=\"container\" data-settings=\"{&quot;jet_parallax_layout_list&quot;:[]}\">\n\t\t<div class=\"elementor-element elementor-element-4fffc85 e-con-full e-flex e-con e-child\" data-id=\"4fffc85\" data-element_type=\"container\" data-e-type=\"container\" data-settings=\"{&quot;jet_parallax_layout_list&quot;:[]}\">\n\t\t\t\t<div class=\"elementor-element elementor-element-339187d elementor-position-left elementor-vertical-align-middle elementor-widget elementor-widget-image-box\" data-id=\"339187d\" data-element_type=\"widget\" data-e-type=\"widget\" data-widget_type=\"image-box.default\">\n\t\t\t\t<div class=\"elementor-widget-container\">\n\t\t\t\t\t<div class=\"elementor-image-box-wrapper\"><figure class=\"elementor-image-box-img\"><img loading=\"lazy\" decoding=\"async\" width=\"325\" height=\"325\" src=\"https:\/\/gastrotalent.at\/wp-content\/uploads\/2026\/01\/email.png\" class=\"attachment-full size-full wp-image-1085\" alt=\"\" srcset=\"https:\/\/gastrotalent.at\/wp-content\/uploads\/2026\/01\/email.png 325w, https:\/\/gastrotalent.at\/wp-content\/uploads\/2026\/01\/email-300x300.png 300w, https:\/\/gastrotalent.at\/wp-content\/uploads\/2026\/01\/email-150x150.png 150w\" sizes=\"auto, (max-width: 325px) 100vw, 325px\" data-id=\"1085\" \/><\/figure><div class=\"elementor-image-box-content\"><h3 class=\"elementor-image-box-title\">Email<\/h3><p class=\"elementor-image-box-description\">info@gastrotalent.at<\/p><\/div><\/div>\t\t\t\t<\/div>\n\t\t\t\t<\/div>\n\t\t\t\t<\/div>\n\t\t<div class=\"elementor-element elementor-element-1c43e63 e-con-full e-flex e-con e-child\" data-id=\"1c43e63\" data-element_type=\"container\" data-e-type=\"container\" data-settings=\"{&quot;jet_parallax_layout_list&quot;:[]}\">\n\t\t\t\t<div class=\"elementor-element elementor-element-ddc5cf6 elementor-position-left elementor-vertical-align-middle elementor-widget elementor-widget-image-box\" data-id=\"ddc5cf6\" data-element_type=\"widget\" data-e-type=\"widget\" data-widget_type=\"image-box.default\">\n\t\t\t\t<div class=\"elementor-widget-container\">\n\t\t\t\t\t<div class=\"elementor-image-box-wrapper\"><figure class=\"elementor-image-box-img\"><img loading=\"lazy\" decoding=\"async\" width=\"325\" height=\"325\" src=\"https:\/\/gastrotalent.at\/wp-content\/uploads\/2026\/01\/lokacio.png\" class=\"attachment-full size-full wp-image-1086\" alt=\"\" srcset=\"https:\/\/gastrotalent.at\/wp-content\/uploads\/2026\/01\/lokacio.png 325w, https:\/\/gastrotalent.at\/wp-content\/uploads\/2026\/01\/lokacio-300x300.png 300w, https:\/\/gastrotalent.at\/wp-content\/uploads\/2026\/01\/lokacio-150x150.png 150w\" sizes=\"auto, (max-width: 325px) 100vw, 325px\" data-id=\"1086\" \/><\/figure><div class=\"elementor-image-box-content\"><h3 class=\"elementor-image-box-title\">Iroda<\/h3><p class=\"elementor-image-box-description\">Salzburg 5020, Ausztria<\/p><\/div><\/div>\t\t\t\t<\/div>\n\t\t\t\t<\/div>\n\t\t\t\t<\/div>\n\t\t<div class=\"elementor-element elementor-element-ce800a6 e-con-full e-flex e-con e-child\" data-id=\"ce800a6\" data-element_type=\"container\" data-e-type=\"container\" data-settings=\"{&quot;jet_parallax_layout_list&quot;:[]}\">\n\t\t\t\t<div class=\"elementor-element elementor-element-77dc155 elementor-position-left elementor-vertical-align-middle elementor-widget elementor-widget-image-box\" data-id=\"77dc155\" data-element_type=\"widget\" data-e-type=\"widget\" data-widget_type=\"image-box.default\">\n\t\t\t\t<div class=\"elementor-widget-container\">\n\t\t\t\t\t<div class=\"elementor-image-box-wrapper\"><figure class=\"elementor-image-box-img\"><img loading=\"lazy\" decoding=\"async\" width=\"325\" height=\"325\" src=\"https:\/\/gastrotalent.at\/wp-content\/uploads\/2026\/01\/valaszido.png\" class=\"attachment-full size-full wp-image-1087\" alt=\"\" srcset=\"https:\/\/gastrotalent.at\/wp-content\/uploads\/2026\/01\/valaszido.png 325w, https:\/\/gastrotalent.at\/wp-content\/uploads\/2026\/01\/valaszido-300x300.png 300w, https:\/\/gastrotalent.at\/wp-content\/uploads\/2026\/01\/valaszido-150x150.png 150w\" sizes=\"auto, (max-width: 325px) 100vw, 325px\" data-id=\"1087\" \/><\/figure><div class=\"elementor-image-box-content\"><h3 class=\"elementor-image-box-title\">V\u00e1laszid\u0151<\/h3><p class=\"elementor-image-box-description\">\u00c1tlagosan 24 \u00f3r\u00e1n bel\u00fcl v\u00e1laszolunk <\/p><\/div><\/div>\t\t\t\t<\/div>\n\t\t\t\t<\/div>\n\t\t\t\t<\/div>\n\t\t\t\t<\/div>\n\t\t\t\t\t<\/div>\n\t\t\t\t<\/div>\n\t\t<div class=\"elementor-element elementor-element-abacef1 e-flex e-con-boxed e-con e-parent\" data-id=\"abacef1\" data-element_type=\"container\" data-e-type=\"container\" data-settings=\"{&quot;jet_parallax_layout_list&quot;:[]}\">\n\t\t\t\t\t<div class=\"e-con-inner\">\n\t\t<div class=\"elementor-element elementor-element-b5d916f e-con-full e-flex e-con e-child\" data-id=\"b5d916f\" data-element_type=\"container\" data-e-type=\"container\" data-settings=\"{&quot;jet_parallax_layout_list&quot;:[]}\">\n\t\t<div class=\"elementor-element elementor-element-a33c9fd e-con-full e-flex e-con e-child\" data-id=\"a33c9fd\" data-element_type=\"container\" data-e-type=\"container\" data-settings=\"{&quot;jet_parallax_layout_list&quot;:[]}\">\n\t\t\t\t<div class=\"elementor-element elementor-element-d726128 elementor-widget elementor-widget-heading\" data-id=\"d726128\" data-element_type=\"widget\" data-e-type=\"widget\" data-widget_type=\"heading.default\">\n\t\t\t\t<div class=\"elementor-widget-container\">\n\t\t\t\t\t<h2 class=\"elementor-heading-title elementor-size-default\">Vedd fel vel\u00fcnk a kapcsolatot<\/h2>\t\t\t\t<\/div>\n\t\t\t\t<\/div>\n\t\t\t\t<div class=\"elementor-element elementor-element-50f1d87 elementor-widget elementor-widget-heading\" data-id=\"50f1d87\" data-element_type=\"widget\" data-e-type=\"widget\" data-widget_type=\"heading.default\">\n\t\t\t\t<div class=\"elementor-widget-container\">\n\t\t\t\t\t<h2 class=\"elementor-heading-title elementor-size-default\">K\u00e9rd\u00e9sed van?\n\u00cdrj nek\u00fcnk b\u00e1tran \u00e9s\u2028seg\u00edt\u00fcnk mindenben.<\/h2>\t\t\t\t<\/div>\n\t\t\t\t<\/div>\n\t\t\t\t<div class=\"elementor-element elementor-element-469bd48 elementor-widget elementor-widget-text-editor\" data-id=\"469bd48\" data-element_type=\"widget\" data-e-type=\"widget\" data-widget_type=\"text-editor.default\">\n\t\t\t\t<div class=\"elementor-widget-container\">\n\t\t\t\t\t\t\t\t\t<p>Ha bizonytalan vagy vagy csak szeretn\u00e9l t\u00f6bbet megtudni a \u2028jelentkez\u00e9sr\u0151l nyugodtan vedd fel vel\u00fcnk a kapcsolatot.<\/p>\t\t\t\t\t\t\t\t<\/div>\n\t\t\t\t<\/div>\n\t\t\t\t<div class=\"elementor-element elementor-element-e86596b e-grid-align-left elementor-shape-rounded elementor-grid-0 elementor-widget elementor-widget-social-icons\" data-id=\"e86596b\" data-element_type=\"widget\" data-e-type=\"widget\" data-widget_type=\"social-icons.default\">\n\t\t\t\t<div class=\"elementor-widget-container\">\n\t\t\t\t\t\t\t<div class=\"elementor-social-icons-wrapper elementor-grid\">\n\t\t\t\t\t\t\t<span class=\"elementor-grid-item\">\n\t\t\t\t\t<a class=\"elementor-icon elementor-social-icon elementor-social-icon-facebook-square elementor-repeater-item-b52ea0b\" href=\"https:\/\/www.facebook.com\/gastrotalent\" target=\"_blank\" rel=\"noopener\">\n\t\t\t\t\t\t<span class=\"elementor-screen-only\">Facebook-square<\/span>\n\t\t\t\t\t\t<svg aria-hidden=\"true\" class=\"e-font-icon-svg e-fab-facebook-square\" viewBox=\"0 0 448 512\" xmlns=\"http:\/\/www.w3.org\/2000\/svg\"><path d=\"M400 32H48A48 48 0 0 0 0 80v352a48 48 0 0 0 48 48h137.25V327.69h-63V256h63v-54.64c0-62.15 37-96.48 93.67-96.48 27.14 0 55.52 4.84 55.52 4.84v61h-31.27c-30.81 0-40.42 19.12-40.42 38.73V256h68.78l-11 71.69h-57.78V480H400a48 48 0 0 0 48-48V80a48 48 0 0 0-48-48z\"><\/path><\/svg>\t\t\t\t\t<\/a>\n\t\t\t\t<\/span>\n\t\t\t\t\t<\/div>\n\t\t\t\t\t\t<\/div>\n\t\t\t\t<\/div>\n\t\t\t\t<div class=\"elementor-element elementor-element-eb03178 elementor-position-left elementor-vertical-align-middle elementor-widget elementor-widget-image-box\" data-id=\"eb03178\" data-element_type=\"widget\" data-e-type=\"widget\" data-widget_type=\"image-box.default\">\n\t\t\t\t<div class=\"elementor-widget-container\">\n\t\t\t\t\t<div class=\"elementor-image-box-wrapper\"><figure class=\"elementor-image-box-img\"><img loading=\"lazy\" decoding=\"async\" width=\"270\" height=\"270\" src=\"https:\/\/gastrotalent.at\/wp-content\/uploads\/2026\/01\/dom.png\" class=\"attachment-full size-full wp-image-1089\" alt=\"\" srcset=\"https:\/\/gastrotalent.at\/wp-content\/uploads\/2026\/01\/dom.png 270w, https:\/\/gastrotalent.at\/wp-content\/uploads\/2026\/01\/dom-150x150.png 150w\" sizes=\"auto, (max-width: 270px) 100vw, 270px\" data-id=\"1089\" \/><\/figure><div class=\"elementor-image-box-content\"><h3 class=\"elementor-image-box-title\">Szia, Dominik vagyok! <img decoding=\"async\" role=\"img\" class=\"emoji\" alt=\"\ud83d\udc4b\" src=\"https:\/\/s.w.org\/images\/core\/emoji\/16.0.1\/svg\/1f44b.svg\"><\/h3><p class=\"elementor-image-box-description\">A felmer\u00fcl\u0151 k\u00e9rd\u00e9seddel \u00e9n fogok foglalkozni. K\u00e9rdezz bizalommal \u00e9s seg\u00edtek.<\/p><\/div><\/div>\t\t\t\t<\/div>\n\t\t\t\t<\/div>\n\t\t\t\t<\/div>\n\t\t<div class=\"elementor-element elementor-element-284f71e e-con-full e-flex e-con e-child\" data-id=\"284f71e\" data-element_type=\"container\" data-e-type=\"container\" data-settings=\"{&quot;jet_parallax_layout_list&quot;:[]}\">\n\t\t\t\t<div class=\"elementor-element elementor-element-1061 elementor-button-align-stretch elementor-widget elementor-widget-global elementor-global-1061 elementor-widget-form\" data-id=\"1061\" data-element_type=\"widget\" data-e-type=\"widget\" data-settings=\"{&quot;step_next_label&quot;:&quot;Next&quot;,&quot;step_previous_label&quot;:&quot;Previous&quot;,&quot;button_width&quot;:&quot;100&quot;,&quot;step_type&quot;:&quot;number_text&quot;,&quot;step_icon_shape&quot;:&quot;circle&quot;}\" data-widget_type=\"form.default\">\n\t\t\t\t<div class=\"elementor-widget-container\">\n\t\t\t\t\t\t\t<form class=\"elementor-form\" method=\"post\" name=\"Kapcsolatfelv\u00e9tel\" aria-label=\"Kapcsolatfelv\u00e9tel\">\n\t\t\t<input type=\"hidden\" name=\"post_id\" value=\"1081\"\/>\n\t\t\t<input type=\"hidden\" name=\"form_id\" value=\"1061\"\/>\n\t\t\t<input type=\"hidden\" name=\"referer_title\" value=\"\" \/>\n\n\t\t\t\n\t\t\t<div class=\"elementor-form-fields-wrapper elementor-labels-above\">\n\t\t\t\t\t\t\t\t<div class=\"elementor-field-type-text elementor-field-group elementor-column elementor-field-group-vname elementor-col-50 elementor-field-required elementor-mark-required\">\n\t\t\t\t\t\t\t\t\t\t\t\t<label for=\"form-field-vname\" class=\"elementor-field-label\">\n\t\t\t\t\t\t\t\tVezet\u00e9kn\u00e9v\t\t\t\t\t\t\t<\/label>\n\t\t\t\t\t\t\t\t\t\t\t\t\t\t<input size=\"1\" type=\"text\" name=\"form_fields[vname]\" id=\"form-field-vname\" class=\"elementor-field elementor-size-sm  elementor-field-textual\" placeholder=\"Vezet\u00e9kneved\" required=\"required\">\n\t\t\t\t\t\t\t\t\t\t\t<\/div>\n\t\t\t\t\t\t\t\t<div class=\"elementor-field-type-text elementor-field-group elementor-column elementor-field-group-kname elementor-col-50 elementor-field-required elementor-mark-required\">\n\t\t\t\t\t\t\t\t\t\t\t\t<label for=\"form-field-kname\" class=\"elementor-field-label\">\n\t\t\t\t\t\t\t\tKeresztn\u00e9v\t\t\t\t\t\t\t<\/label>\n\t\t\t\t\t\t\t\t\t\t\t\t\t\t<input size=\"1\" type=\"text\" name=\"form_fields[kname]\" id=\"form-field-kname\" class=\"elementor-field elementor-size-sm  elementor-field-textual\" placeholder=\"Keresztneved\" required=\"required\">\n\t\t\t\t\t\t\t\t\t\t\t<\/div>\n\t\t\t\t\t\t\t\t<div class=\"elementor-field-type-email elementor-field-group elementor-column elementor-field-group-email elementor-col-100 elementor-field-required elementor-mark-required\">\n\t\t\t\t\t\t\t\t\t\t\t\t<label for=\"form-field-email\" class=\"elementor-field-label\">\n\t\t\t\t\t\t\t\tEmail c\u00edm\t\t\t\t\t\t\t<\/label>\n\t\t\t\t\t\t\t\t\t\t\t\t\t\t<input size=\"1\" type=\"email\" name=\"form_fields[email]\" id=\"form-field-email\" class=\"elementor-field elementor-size-sm  elementor-field-textual\" placeholder=\"Email c\u00edmed\" required=\"required\">\n\t\t\t\t\t\t\t\t\t\t\t<\/div>\n\t\t\t\t\t\t\t\t<div class=\"elementor-field-type-tel elementor-field-group elementor-column elementor-field-group-telefon elementor-col-100\">\n\t\t\t\t\t\t\t\t\t\t\t\t<label for=\"form-field-telefon\" class=\"elementor-field-label\">\n\t\t\t\t\t\t\t\tTelefonsz\u00e1m\t\t\t\t\t\t\t<\/label>\n\t\t\t\t\t\t\t\t<input size=\"1\" type=\"tel\" name=\"form_fields[telefon]\" id=\"form-field-telefon\" class=\"elementor-field elementor-size-sm  elementor-field-textual\" placeholder=\"(Opcion\u00e1lis a kapcsolatfelv\u00e9tel g\u00f6d\u00fcl\u00e9kenys\u00e9ge \u00e9rdek\u00e9ben)\" pattern=\"[0-9()#&amp;+*-=.]+\" title=\"Only numbers and phone characters (#, -, *, etc) are accepted.\">\n\n\t\t\t\t\t\t<\/div>\n\t\t\t\t\t\t\t\t<div class=\"elementor-field-type-textarea elementor-field-group elementor-column elementor-field-group-kerdes elementor-col-100\">\n\t\t\t\t\t\t\t\t\t\t\t\t<label for=\"form-field-kerdes\" class=\"elementor-field-label\">\n\t\t\t\t\t\t\t\tFelmer\u00fcl\u0151 k\u00e9rd\u00e9sed\t\t\t\t\t\t\t<\/label>\n\t\t\t\t\t\t<textarea class=\"elementor-field-textual elementor-field  elementor-size-sm\" name=\"form_fields[kerdes]\" id=\"form-field-kerdes\" rows=\"4\" placeholder=\"K\u00e9rlek \u00edrd meg miben tudunk seg\u00edteni\"><\/textarea>\t\t\t\t<\/div>\n\t\t\t\t\t\t\t\t<div class=\"elementor-field-type-acceptance elementor-field-group elementor-column elementor-field-group-gdpr elementor-col-100 elementor-field-required elementor-mark-required\">\n\t\t\t\t\t\t\t<div class=\"elementor-field-subgroup\">\n\t\t\t<span class=\"elementor-field-option\">\n\t\t\t\t<input type=\"checkbox\" name=\"form_fields[gdpr]\" id=\"form-field-gdpr\" class=\"elementor-field elementor-size-sm  elementor-acceptance-field\" required=\"required\">\n\t\t\t\t<label for=\"form-field-gdpr\">Az al\u00e1bbi jel\u00f6l\u0151n\u00e9gyzet kipip\u00e1l\u00e1s\u00e1val elfogadod az <a href=\"https:\/\/gastrotalent.at\/adatvedelmi-tajekoztato\/\" target=\"_blank\">adatv\u00e9delmi t\u00e1j\u00e9koztat\u00f3nkat <\/a> \u00e9s hozz\u00e1j\u00e1rulsz, hogy a megadott el\u00e9rhet\u0151s\u00e9gek egyik\u00e9n egyeztet\u00e9s c\u00e9lj\u00e1b\u00f3l felvegy\u00fck veled a kapcsolatot. <\/label>\t\t\t<\/span>\n\t\t<\/div>\n\t\t\t\t\t\t<\/div>\n\t\t\t\t\t\t\t\t<div class=\"elementor-field-type-text\">\n\t\t\t\t\t<input size=\"1\" type=\"text\" name=\"form_fields[school]\" id=\"form-field-school\" class=\"elementor-field elementor-size-sm \" style=\"display:none !important;\">\t\t\t\t<\/div>\n\t\t\t\t\t\t\t\t<div class=\"elementor-field-type-recaptcha elementor-field-group elementor-column elementor-field-group-captha elementor-col-100\">\n\t\t\t\t\t<div class=\"elementor-field\" id=\"form-field-captha\"><div class=\"elementor-g-recaptcha\" data-sitekey=\"6Lfbc0wsAAAAANUPD7XpvbZDTQ3M_wBzDgchhjvh\" data-type=\"v2_checkbox\" data-theme=\"light\" data-size=\"normal\"><\/div><\/div>\t\t\t\t<\/div>\n\t\t\t\t\t\t\t\t<div class=\"elementor-field-group elementor-column elementor-field-type-submit elementor-col-100 e-form__buttons\">\n\t\t\t\t\t<button class=\"elementor-button elementor-size-md\" type=\"submit\">\n\t\t\t\t\t\t<span class=\"elementor-button-content-wrapper\">\n\t\t\t\t\t\t\t\t\t\t\t\t\t\t\t\t\t\t\t\t\t\t<span class=\"elementor-button-text\">Felveszem a kapcsolatot<\/span>\n\t\t\t\t\t\t\t\t\t\t\t\t\t<\/span>\n\t\t\t\t\t<\/button>\n\t\t\t\t<\/div>\n\t\t\t<\/div>\n\t\t<\/form>\n\t\t\t\t\t\t<\/div>\n\t\t\t\t<\/div>\n\t\t\t\t<\/div>\n\t\t\t\t<\/div>\n\t\t\t\t\t<\/div>\n\t\t\t\t<\/div>\n\t\t\t\t<\/div>\n\t\t","protected":false},"excerpt":{"rendered":"<p>Kapcsolat Aki k\u00e9rdezaz v\u00e1laszt kap. Vedd fel vel\u00fcnk a kapcsolatot \u00e9s seg\u00edt\u00fcnk minden k\u00e9rd\u00e9sben. Tov\u00e1bb az el\u00e9rhet\u0151s\u00e9gekre Email info@gastrotalent.at Iroda [&hellip;]<\/p>\n","protected":false},"author":1,"featured_media":0,"parent":0,"menu_order":0,"comment_status":"closed","ping_status":"closed","template":"","meta":{"inline_featured_image":false,"site-sidebar-layout":"no-sidebar","site-content-layout":"","ast-site-content-layout":"full-width-container","site-content-style":"default","site-sidebar-style":"default","ast-global-header-display":"","ast-banner-title-visibility":"","ast-main-header-display":"","ast-hfb-above-header-display":"","ast-hfb-below-header-display":"","ast-hfb-mobile-header-display":"","site-post-title":"disabled","ast-breadcrumbs-content":"","ast-featured-img":"disabled","footer-sml-layout":"","ast-disable-related-posts":"","theme-transparent-header-meta":"","adv-header-id-meta":"","stick-header-meta":"","header-above-stick-meta":"","header-main-stick-meta":"","header-below-stick-meta":"","astra-migrate-meta-layouts":"default","ast-page-background-enabled":"default","ast-page-background-meta":{"desktop":{"background-color":"var(--ast-global-color-5)","background-image":"","background-repeat":"repeat","background-position":"center center","background-size":"auto","background-attachment":"scroll","background-type":"","background-media":"","overlay-type":"","overlay-color":"","overlay-opacity":"","overlay-gradient":""},"tablet":{"background-color":"","background-image":"","background-repeat":"repeat","background-position":"center center","background-size":"auto","background-attachment":"scroll","background-type":"","background-media":"","overlay-type":"","overlay-color":"","overlay-opacity":"","overlay-gradient":""},"mobile":{"background-color":"","background-image":"","background-repeat":"repeat","background-position":"center center","background-size":"auto","background-attachment":"scroll","background-type":"","background-media":"","overlay-type":"","overlay-color":"","overlay-opacity":"","overlay-gradient":""}},"ast-content-background-meta":{"desktop":{"background-color":"var(--ast-global-color-4)","background-image":"","background-repeat":"repeat","background-position":"center center","background-size":"auto","background-attachment":"scroll","background-type":"","background-media":"","overlay-type":"","overlay-color":"","overlay-opacity":"","overlay-gradient":""},"tablet":{"background-color":"var(--ast-global-color-4)","background-image":"","background-repeat":"repeat","background-position":"center center","background-size":"auto","background-attachment":"scroll","background-type":"","background-media":"","overlay-type":"","overlay-color":"","overlay-opacity":"","overlay-gradient":""},"mobile":{"background-color":"var(--ast-global-color-4)","background-image":"","background-repeat":"repeat","background-position":"center center","background-size":"auto","background-attachment":"scroll","background-type":"","background-media":"","overlay-type":"","overlay-color":"","overlay-opacity":"","overlay-gradient":""}},"footnotes":""},"class_list":["post-1081","page","type-page","status-publish","hentry"],"_hostinger_reach_plugin_has_subscription_block":false,"_hostinger_reach_plugin_is_elementor":false,"_links":{"self":[{"href":"https:\/\/gastrotalent.at\/de\/wp-json\/wp\/v2\/pages\/1081","targetHints":{"allow":["GET"]}}],"collection":[{"href":"https:\/\/gastrotalent.at\/de\/wp-json\/wp\/v2\/pages"}],"about":[{"href":"https:\/\/gastrotalent.at\/de\/wp-json\/wp\/v2\/types\/page"}],"author":[{"embeddable":true,"href":"https:\/\/gastrotalent.at\/de\/wp-json\/wp\/v2\/users\/1"}],"replies":[{"embeddable":true,"href":"https:\/\/gastrotalent.at\/de\/wp-json\/wp\/v2\/comments?post=1081"}],"version-history":[{"count":83,"href":"https:\/\/gastrotalent.at\/de\/wp-json\/wp\/v2\/pages\/1081\/revisions"}],"predecessor-version":[{"id":1769,"href":"https:\/\/gastrotalent.at\/de\/wp-json\/wp\/v2\/pages\/1081\/revisions\/1769"}],"wp:attachment":[{"href":"https:\/\/gastrotalent.at\/de\/wp-json\/wp\/v2\/media?parent=1081"}],"curies":[{"name":"wp","href":"https:\/\/api.w.org\/{rel}","templated":true}]}}